{"id":3,"date":"2024-11-25T12:09:39","date_gmt":"2024-11-25T12:09:39","guid":{"rendered":"https:\/\/blauprojects.es\/?page_id=3"},"modified":"2024-12-09T14:42:53","modified_gmt":"2024-12-09T14:42:53","slug":"politica-privacidad","status":"publish","type":"page","link":"https:\/\/blauprojects.es\/de\/politica-privacidad\/","title":{"rendered":"Datenschutzbestimmungen"},"content":{"rendered":"<div data-elementor-type=\"wp-page\" data-elementor-id=\"3\" class=\"elementor elementor-3\" data-elementor-post-type=\"page\">\n\t\t\t\t<div class=\"elementor-element elementor-element-7fe3ecc5 e-flex e-con-boxed e-con e-parent\" data-id=\"7fe3ecc5\" data-element_type=\"container\" data-e-type=\"container\">\n\t\t\t\t\t<div class=\"e-con-inner\">\n\t\t\t\t<div class=\"elementor-element elementor-element-10a92c28 elementor-widget elementor-widget-text-editor\" data-id=\"10a92c28\" data-element_type=\"widget\" data-e-type=\"widget\" data-widget_type=\"text-editor.default\">\n\t\t\t\t<div class=\"elementor-widget-container\">\n\t\t\t\t\t\t\t\t\t<p><\/p>\n<p>F\u00fcr die Zwecke der Bestimmungen von Art. 13 und Art. 14 des GDPR werden Ihnen die folgenden Informationen zur Verf\u00fcgung gestellt:<\/p>\n<ul>\n<li><strong>ZUST\u00c4NDIG<\/strong>: BLAU PROJEKTE 2024 SL<\/li>\n<li><strong>NIF\/CIF<\/strong>: B19967306<\/li>\n<li><strong>ADRESSE<\/strong>C\/ Alacant 55 - Santa Pon\u00e7a (07180), Illes Balears<\/li>\n<li><strong>TELEFON<\/strong> +34 871 005 170<\/li>\n<li><strong>EMAIL<\/strong>: info@blauprojects.es<\/li><li><b>Eintragung in das Handelsregister<\/b>IRUS: 1000426201038, 1. Eintrag mit Seite PM-100790<\/li>\n<\/ul>\n<p><\/p>\t\t\t\t\t\t\t\t<\/div>\n\t\t\t\t<\/div>\n\t\t\t\t<div class=\"elementor-element elementor-element-a16e9d0 elementor-widget elementor-widget-text-editor\" data-id=\"a16e9d0\" data-element_type=\"widget\" data-e-type=\"widget\" data-widget_type=\"text-editor.default\">\n\t\t\t\t<div class=\"elementor-widget-container\">\n\t\t\t\t\t\t\t\t\t<h4>Zweck:<\/h4>\n<p>BLAU PROJECTS 2024 SL verarbeitet die von Ihnen zur Verf\u00fcgung gestellten Informationen, um die von Ihnen \u00fcber unsere Website in Auftrag gegebenen Dienstleistungen zu erbringen und\/oder Produkte zu verkaufen und um den Versand von Informationen und die Gesch\u00e4ftsanbahnung zu verwalten. Um Ihnen Dienstleistungen anbieten zu k\u00f6nnen, die Ihren Interessen entsprechen, erstellen wir auf der Grundlage der von Ihnen bereitgestellten Informationen ein Gesch\u00e4ftsprofil. Auf der Grundlage dieses Profils werden keine automatisierten Entscheidungen getroffen. Die zur Verf\u00fcgung gestellten personenbezogenen Daten werden f\u00fcr einen Zeitraum von 5 Jahren ab dem Datum des letzten von Ihnen abgeschlossenen Vertrags und\/oder Kaufs aufbewahrt, solange die Gesch\u00e4ftsbeziehung aufrechterhalten wird und Sie nicht ihre L\u00f6schung verlangen. Die \u00fcbermittelten Daten werden so lange aufbewahrt, wie Sie nicht die Beendigung der T\u00e4tigkeit verlangen.<\/p>\n<h4>Legitimation:<\/h4>\n<p>Die Rechtsgrundlage f\u00fcr die Verarbeitung Ihrer Daten ist die Erf\u00fcllung des Vertrags durch den Kauf des Produkts und\/oder der Dienstleistung gem\u00e4\u00df dem Handelsgesetzbuch und dem Zivilgesetzbuch. Das Gesetz 34\/2002 \u00fcber die Dienste der Informationsgesellschaft, Artikel 20 und 21, gilt f\u00fcr die Zusendung von kommerziellen Angeboten mittels Telekommunikation. Das prospektive Angebot von Produkten und Dienstleistungen beruht auf der Zustimmung, um die Sie gebeten werden, ohne dass der Widerruf dieser Zustimmung in jedem Fall den Vertrag \u00fcber den Kauf des Produkts und\/oder die Erbringung der Dienstleistung bedingt. Es besteht eine Verpflichtung zur Angabe personenbezogener Daten, andernfalls kann die Dienstleistung und\/oder das Produkt nicht erbracht und\/oder das Produkt nicht verkauft und\/oder das angeforderte Angebot nicht unterbreitet werden und die Zusendung kommerzieller Informationen kann nicht verwaltet werden.<\/p>\n<h4>Zielgruppe:<\/h4>\n<p>Es werden keine Daten an Dritte weitergegeben, es sei denn, es besteht eine gesetzliche Verpflichtung dazu. Eine \u00dcbermittlung von Daten in Drittl\u00e4nder ist nicht vorgesehen. Es gelten keine Angemessenheitsbeschl\u00fcsse, Garantien, verbindliche Unternehmensregeln oder besondere Situationen.<\/p>\n<h4>Rechte:<\/h4>\n<p>Jede Person hat das Recht, eine Best\u00e4tigung dar\u00fcber zu erhalten, ob BLAU PROJECTS 2024 S.L. sie betreffende personenbezogene Daten verarbeitet. Die Betroffenen haben das Recht, auf ihre personenbezogenen Daten zuzugreifen sowie die Berichtigung unrichtiger Daten oder gegebenenfalls die L\u00f6schung zu verlangen, wenn die Daten unter anderem f\u00fcr die Zwecke, f\u00fcr die sie erhoben wurden, nicht mehr erforderlich sind. Unter bestimmten Umst\u00e4nden k\u00f6nnen die betroffenen Personen verlangen, dass wir die Verarbeitung ihrer Daten einschr\u00e4nken; in diesem Fall werden wir die Daten nur zur Geltendmachung oder Abwehr von Anspr\u00fcchen aufbewahren. Sie haben das Recht, eine Beschwerde bei der Aufsichtsbeh\u00f6rde einzureichen: Spanische Datenschutzbeh\u00f6rde (www.agpd.es). Ursprung: die betroffene Person selbst.<\/p>\n<p>In \u00dcbereinstimmung mit Art. 13 und 14 des GDPR werden Ihnen die folgenden Informationen zur Verf\u00fcgung gestellt:<\/p>\n<p>Der Kunde erkl\u00e4rt sich ausdr\u00fccklich damit einverstanden, dass die beim Surfen auf der Website erhobenen oder durch Ausf\u00fcllen eines Formulars \u00fcbermittelten personenbezogenen Daten sowie die Daten, die sich aus einer m\u00f6glichen Gesch\u00e4ftsbeziehung ergeben, in die im ersten Abschnitt genannten automatisierten Dateien mit personenbezogenen Daten aufgenommen werden. W\u00e4hrend der Datenerfassung und an jeder Stelle der Website, an der personenbezogene Daten abgefragt werden, wird der Kunde entweder durch einen Hyperlink oder durch einen entsprechenden Hinweis auf dem Formular selbst \u00fcber den obligatorischen oder nicht obligatorischen Charakter der Erfassung dieser personenbezogenen Daten informiert. Jeder Kunde, der beschlie\u00dft, sich auf der Website unseres Unternehmens zu registrieren, wird aufgefordert, die personenbezogenen Daten anzugeben, die f\u00fcr die Erbringung der angeforderten Dienstleistung erforderlich sind, die nichts anderes ist als die Erbringung von Dienstleistungen und\/oder der Verkauf von Produkten, die auf der Website angeboten werden.<\/p>\n<p>Der Kunde\/Nutzer kann in Bezug auf die in der im vorstehenden Absatz vorgesehenen Weise erhobenen Daten die in den Artikeln 15 bis 21 der Verordnung (EU) 2016\/679 anerkannten Rechte aus\u00fcben, insbesondere das Recht auf Auskunft, Berichtigung, L\u00f6schung, Einschr\u00e4nkung der Verarbeitung, Daten\u00fcbertragbarkeit, Widerspruch und gegebenenfalls automatisierte Einzelentscheidungen. Die im vorstehenden Absatz genannten Rechte k\u00f6nnen von jedem Kunden mittels eines per E-Mail angeforderten Formulars zur Aus\u00fcbung der Rechte ausge\u00fcbt werden. Der schriftliche und unterzeichnete Antrag kann per Post an die folgende Adresse geschickt werden: BLAU PROJECTS 2024 SL, C\/Alacant 55 - Santa Pon\u00e7a (07180), Illes Balears, wobei in beiden F\u00e4llen eine Fotokopie des Personalausweises des Kunden beizuf\u00fcgen ist.<\/p>\n<p>Die automatisierte Verarbeitung, der alle pers\u00f6nlichen Daten unterzogen werden, die infolge der Anfrage, der Nutzung, des Abschlusses eines Vertrags \u00fcber ein Produkt oder eine Dienstleistung oder einer Transaktion oder eines Vorgangs \u00fcber diese Website gesammelt werden, hat als Hauptzweck die Aufrechterhaltung der vertraglichen Beziehung mit dem Eigent\u00fcmer dieser Website.<\/p>\n<p>Sie erm\u00e4chtigen uns, Ihnen Werbung \u00fcber unsere Dienstleistungen und Produkte zuzusenden. Ihre pers\u00f6nlichen Daten werden zur Verwaltung der Zusendung von Werbung auf traditionellem oder elektronischem Wege verwendet. Die E-Mail-Adressen und pers\u00f6nlichen Daten, die Sie uns \u00fcber das Kontaktformular auf der Website zur Verf\u00fcgung stellen, werden ausschlie\u00dflich f\u00fcr die Bearbeitung der Anfragen verwendet, die Sie uns auf diesem Wege zusenden. Die Bestimmungen der Artikel 22.1 und 22.2 des Gesetzes 34\/2002 vom 11. Juli \u00fcber die Dienste der Informationsgesellschaft und den elektronischen Gesch\u00e4ftsverkehr, ge\u00e4ndert durch Artikel 4 des K\u00f6niglichen Gesetzesdekrets 13\/2012, sind in Bezug auf die Nutzung und Verarbeitung Ihrer personenbezogenen Daten zum Zwecke der Verwaltung der Zusendung von Werbung anwendbar.<\/p>\n<p>Die Einrichtung garantiert die Vertraulichkeit der personenbezogenen Daten. Das Unternehmen und\/oder die Einrichtung wird jedoch die personenbezogenen Daten und alle anderen Informationen, die sich in ihrem Besitz befinden oder \u00fcber ihre Systeme zug\u00e4nglich sind, an die zust\u00e4ndigen Beh\u00f6rden weitergeben, wenn dies gem\u00e4\u00df den geltenden gesetzlichen und beh\u00f6rdlichen Bestimmungen erforderlich ist. Die personenbezogenen Daten k\u00f6nnen in den Dateien von BLAU PROJECTS 2024 SL auch nach Beendigung der \u00fcber die Website des Unternehmens formalisierten Beziehungen ausschlie\u00dflich zu den oben genannten Zwecken und in jedem Fall w\u00e4hrend der gesetzlich festgelegten Fristen zur Verf\u00fcgung der Verwaltungs- oder Justizbeh\u00f6rden aufbewahrt werden.<\/p>\t\t\t\t\t\t\t\t<\/div>\n\t\t\t\t<\/div>\n\t\t\t\t\t<\/div>\n\t\t\t\t<\/div>\n\t\t\t\t<\/div>","protected":false},"excerpt":{"rendered":"<p>A los efectos de lo dispuesto en el art. 13 y el art. 14 del RGPD se le facilita la siguiente informaci\u00f3n: RESPONSABLE: BLAU PROJECTS 2024 SL NIF\/CIF: B19967306 DIRECCI\u00d3N: C\/ Alacant 55 &#8211;&nbsp;Santa Pon\u00e7a (07180), Illes Balears TEL\u00c9FONO +34 871 005 170 EMAIL: info@blauprojects.es Inscripci\u00f3n en Reg. Mercantil: IRUS: 1000426201038, inscripci\u00f3n 1\u00aa con hoja [&hellip;]<\/p>\n","protected":false},"author":1,"featured_media":0,"parent":0,"menu_order":0,"comment_status":"closed","ping_status":"open","template":"","meta":{"footnotes":""},"class_list":["post-3","page","type-page","status-publish","hentry"],"_links":{"self":[{"href":"https:\/\/blauprojects.es\/de\/wp-json\/wp\/v2\/pages\/3"}],"collection":[{"href":"https:\/\/blauprojects.es\/de\/wp-json\/wp\/v2\/pages"}],"about":[{"href":"https:\/\/blauprojects.es\/de\/wp-json\/wp\/v2\/types\/page"}],"author":[{"embeddable":true,"href":"https:\/\/blauprojects.es\/de\/wp-json\/wp\/v2\/users\/1"}],"replies":[{"embeddable":true,"href":"https:\/\/blauprojects.es\/de\/wp-json\/wp\/v2\/comments?post=3"}],"version-history":[{"count":3,"href":"https:\/\/blauprojects.es\/de\/wp-json\/wp\/v2\/pages\/3\/revisions"}],"predecessor-version":[{"id":312,"href":"https:\/\/blauprojects.es\/de\/wp-json\/wp\/v2\/pages\/3\/revisions\/312"}],"wp:attachment":[{"href":"https:\/\/blauprojects.es\/de\/wp-json\/wp\/v2\/media?parent=3"}],"curies":[{"name":"wp","href":"https:\/\/api.w.org\/{rel}","templated":true}]}}