{"id":302,"date":"2024-12-09T14:33:15","date_gmt":"2024-12-09T14:33:15","guid":{"rendered":"https:\/\/blauprojects.es\/?page_id=302"},"modified":"2024-12-09T14:33:50","modified_gmt":"2024-12-09T14:33:50","slug":"politica-de-cookies","status":"publish","type":"page","link":"https:\/\/blauprojects.es\/de\/politica-de-cookies\/","title":{"rendered":"Cookies-Politik"},"content":{"rendered":"<div data-elementor-type=\"wp-page\" data-elementor-id=\"302\" class=\"elementor elementor-302\" data-elementor-post-type=\"page\">\n\t\t\t\t<div class=\"elementor-element elementor-element-e21d84f e-flex e-con-boxed e-con e-parent\" data-id=\"e21d84f\" data-element_type=\"container\" data-e-type=\"container\">\n\t\t\t\t\t<div class=\"e-con-inner\">\n\t\t\t\t<div class=\"elementor-element elementor-element-e7eca69 elementor-widget elementor-widget-text-editor\" data-id=\"e7eca69\" data-element_type=\"widget\" data-e-type=\"widget\" data-widget_type=\"text-editor.default\">\n\t\t\t\t<div class=\"elementor-widget-container\">\n\t\t\t\t\t\t\t\t\t<h3>Was sind Cookies?<\/h3><p>Diese Website verwendet Cookies und\/oder \u00e4hnliche Technologien, die Informationen speichern und abrufen, wenn Sie surfen. Im Allgemeinen k\u00f6nnen diese Technologien f\u00fcr eine Vielzahl von Zwecken verwendet werden, z. B. um Sie als Benutzer zu erkennen, Informationen \u00fcber<br \/>Ihre Surfgewohnheiten oder die Art und Weise, wie Inhalte angezeigt werden, zu personalisieren.<br \/>Es gibt Cookies, die vom Eigent\u00fcmer der Website kontrolliert und verwaltet werden (diese werden als \"eigene Cookies\" bezeichnet) und andere, die von Dritten verwaltet werden (diese werden als \"Cookies von Dritten\" bezeichnet).<br \/>als \"Drittanbieter-Cookies\"), z. B. weil sie ein in die Website integriertes Werkzeug oder eine Funktion bereitstellen.<br \/>Im Folgenden wird beschrieben, wie wir diese Technologien im Einzelnen nutzen.<\/p><h3>Welche Art von Cookies verwenden wir und zu welchem Zweck?<\/h3><p>Wir verwenden die folgenden Arten von Cookies auf dieser Website:<\/p><h5>1: Technische Cookies oder Cookies, die f\u00fcr die Erbringung von Dienstleistungen unerl\u00e4sslich sind.<\/h5><p>Diese erm\u00f6glichen es dem Nutzer, auf einer Website, einer Plattform oder einer Anwendung zu surfen und die verschiedenen Optionen oder Dienste zu nutzen, die auf dieser vorhanden sind, einschlie\u00dflich derer, die f\u00fcr die Verwaltung und den Betrieb von<br \/>der Website und zur Erm\u00f6glichung ihrer Funktionen und Dienstleistungen, wie z. B. die Steuerung des Datenverkehrs und der Datenkommunikation, die Identifizierung der Sitzung, der Zugang zu gesperrten Bereichen, die Erinnerung an die Elemente, aus denen eine Bestellung besteht, die Durchf\u00fchrung des Prozesses<br \/>des Kaufs einer Bestellung, die Verwaltung der Zahlung, die Kontrolle des Betrugs im Zusammenhang mit der Sicherheit des Dienstes, die Beantragung der Registrierung oder der Teilnahme an einer Veranstaltung, die Z\u00e4hlung der Besuche zum Zwecke der Abrechnung von Softwarelizenzen, mit denen<br \/>die Funktionsweise des Dienstes (Website, Plattform oder Anwendung), die Verwendung von Sicherheitsfunktionen beim Surfen, die Speicherung von Inhalten f\u00fcr Video- oder Ton\u00fcbertragungen, die Aktivierung dynamischer Inhalte (z. B. Textladeanimation)<br \/>oder Bild), das Teilen von Inhalten \u00fcber soziale Netzwerke.<\/p><p>Zu dieser Kategorie geh\u00f6ren auch Cookies, die zur Verwaltung unserer Werbefl\u00e4chen auf der Grundlage technischer Kriterien wie dem bearbeiteten Inhalt, der H\u00e4ufigkeit, mit der die Werbung gezeigt wird, oder der Kontrolle der Herkunft des potenziellen Kunden verwendet werden.<br \/>wo er einen Werbelink von einer an Affiliate-Marketingprogrammen teilnehmenden Website aktiviert hat.<\/p><p>Diese Cookies sind von der Einhaltung der in Artikel 22.2 des LSSI festgelegten Verpflichtungen befreit.<\/p><p>Der Nutzer wird darauf hingewiesen, dass beim Zugriff auf Inhalte Dritter oder sozialer Netzwerke, die auf unserer Website angezeigt werden k\u00f6nnen, die M\u00f6glichkeit besteht, dass die f\u00fcr diese verantwortlichen Stellen ihre eigenen Cookies f\u00fcr Zwecke installieren, die \u00fcber rein technische Zwecke hinausgehen. Wir<br \/>Wir haben keine Kontrolle \u00fcber diese Cookies und verarbeiten auch keine Daten, die sie sammeln.<\/p><p>Sie k\u00f6nnen die Installation dieser Cookies deaktivieren, indem Sie Ihren Browser wie im Abschnitt \"WIE KANN ICH COOKIES VERWALTEN\" beschrieben konfigurieren. Weitere Informationen zu den Cookie-Richtlinien dieser Drittanbieter finden Sie im Folgenden<br \/>Links:<\/p><p><strong>YOUTUBE<\/strong>\u00a0(Verantwortlich: Google, Inc., 1600 Amphitheatre Parkway. Mountain View, CA 94043. U.S.A.)<br \/><a href=\"https:\/\/policies.google.com\/technologies\/cookies?hl=es\">https:\/\/policies.google.com\/technologies\/cookies?hl=es<\/a><\/p><p><strong>TWITTER<\/strong>(Verantwortlich: Twitter, Inc., 1355 Market Street, Suite 900 San Francisco, CA 94103, Vereinigte Staaten).<br \/><a href=\"https:\/\/help.twitter.com\/es\/rules-and-policies\/twitter-cookies\">https:\/\/help.twitter.com\/es\/rules-and-policies\/twitter-cookies<\/a><\/p><p><strong>FACEBOOK<\/strong>(Verantwortlich: FACEBOOK, INC., mit Sitz in 1601 Willow Road, Menlo Park, CA 94025 USA und FACEBOOK SPAIN, S.L., mit Sitz in Calle Pinar, 5, MADRID 28006).<br \/><a href=\"https:\/\/www.facebook.com\/policies\/cookies\/\">https:\/\/www.facebook.com\/policies\/cookies\/<\/a><\/p><p><strong>LINKEDIN<\/strong>\u00a0(Verantwortlich: LinkedIn Ireland Unlimited Company, Wilton Plaza Wilton Place, Dublin 2, Irland).<br \/><a href=\"https:\/\/es.linkedin.com\/legal\/cookie-policy\">https:\/\/es.linkedin.com\/legal\/cookie-policy<\/a><\/p><h5>2: Personalisierungs-Cookies<\/h5><p>Wir verwenden Cookies, um Informationen zu speichern, damit Sie auf den Dienst mit bestimmten Merkmalen zugreifen k\u00f6nnen, die Sie von anderen Nutzern unterscheiden k\u00f6nnen, z. B. Sprache, Aussehen oder Inhalt des Dienstes.<br \/>je nach Art des Browsers, \u00fcber den Sie auf den Dienst zugreifen, oder der Region, aus der Sie auf den Dienst zugreifen, usw.<\/p><p><strong>Eigene Pr\u00e4ferenzen oder Personalisierungs-Cookies:<\/strong><\/p><table><tbody><tr><th>Cookie-Name<\/th><th>Anbieter<\/th><th>Zweck<\/th><th>Dauer des Cookies<\/th><\/tr><tr><td>adc_cookies<\/td><td>Eigene<\/td><td>Zeichnet die Cookie-Einstellungen des Benutzers auf<\/td><td>1 Jahr<\/td><\/tr><tr><td>pll_Sprache<\/td><td>Eigene - Polylang (<a href=\"https:\/\/polylang.pro\/privacy-policy\/\">WP SYNTEX<\/a>)<\/td><td>Speichert die vom Benutzer gew\u00e4hlte Sprache.<\/td><td>1 Jahr<\/td><\/tr><\/tbody><\/table><p>Um die Verwendung dieser Art von Cookies zu akzeptieren oder abzulehnen, k\u00f6nnen Sie die\u00a0<a class=\"reset_adc_cookies_settings\"><strong><u>Cookie-Einstellungsfeld<\/u><\/strong><\/a><\/p><h5>3: Analyse- oder Mess-Cookies<\/h5><p>Wir verwenden Cookies von Drittanbietern, die es uns erm\u00f6glichen, die Anzahl der Nutzer zu quantifizieren und somit eine Messung und statistische Analyse der Nutzung des angebotenen Dienstes durchzuf\u00fchren. Zu diesem Zweck wird Ihr Surfverhalten auf unserer Website analysiert, um die von uns angebotenen Produkte und Dienstleistungen zu verbessern.<\/p><p>Konsultieren Sie die Liste der Drittparteien, die die mit diesen Cookies erhaltenen Informationen verarbeiten, im Abschnitt \"...\".<strong>Cookies von Dritten<\/strong>\"<\/p><p>Um die Verwendung dieser Art von Cookies zu akzeptieren oder abzulehnen, k\u00f6nnen Sie die<br \/><a class=\"reset_adc_cookies_settings\"><strong><u>Cookie-Einstellungsfeld<\/u><\/strong><\/a><\/p><h3>\u00dcbermittlung von Daten in Drittl\u00e4nder<\/h3><p>Sie k\u00f6nnen sich \u00fcber die \u00dcbermittlungen in Drittl\u00e4nder, die gegebenenfalls von den in dieser Cookie-Richtlinie genannten Dritten vorgenommen werden, in deren entsprechenden Richtlinien informieren (siehe die Links im Abschnitt \"Cookies von Dritten\").<\/p><h3>Dauer der Datenspeicherung<\/h3><p>Einige Cookies werden gel\u00f6scht, sobald der Nutzer den Besuch der Website beendet hat (Sitzungscookies), w\u00e4hrend andere auf dem Computer des Nutzers gespeichert bleiben und \u00fcber einen l\u00e4ngeren Zeitraum abgerufen werden k\u00f6nnen (dauerhafte Cookies).<\/p><p><strong>Verfall von eigenen Cookies<\/strong><\/p><p>Pr\u00e4ferenz- oder Personalisierungs-Cookies: siehe Beschreibung im Abschnitt \"2. Pr\u00e4ferenz- oder Personalisierungs-Cookies\").<\/p><p><strong>Verfall von Cookies Dritter<\/strong><\/p><p>Sie k\u00f6nnen sich \u00fcber die Aufbewahrungsfristen der Cookies der in dieser Cookie-Richtlinie genannten Dritten in deren entsprechenden Richtlinien informieren (siehe die Links im Abschnitt \"Cookies von Dritten\").<\/p><h3>Verarbeitung personenbezogener Daten und die Rechte der betroffenen Person<\/h3><p>Die Installation von Cookies von Drittanbietern kann dazu f\u00fchren, dass diese Unternehmen pers\u00f6nliche Browsing-Daten wie IP-Adressen oder Online-Kennungen f\u00fcr Marketingzwecke oder andere Zwecke, f\u00fcr die sie verantwortlich sind, sammeln. Sie k\u00f6nnen mehr herausfinden<br \/>\u00fcber die Verarbeitung personenbezogener Daten durch die in dieser Cookie-Richtlinie genannten Dritten und \u00fcber die Aus\u00fcbung Ihrer Rechte in deren entsprechenden Richtlinien (siehe die Links im Abschnitt \"Cookies\").<br \/>Von Dritten\").<\/p><p>Was uns betrifft, so k\u00f6nnen die von den Cookies erhaltenen Informationen nur dann mit einem bestimmten Nutzer in Verbindung gebracht werden, wenn dieser auf der Website identifiziert wird. In diesem Fall werden diese Daten gem\u00e4\u00df den Bestimmungen unserer Politik verarbeitet.<br \/>Datenschutz im Internet.<\/p><p>Die betroffenen Nutzer k\u00f6nnen jederzeit von ihrem Recht auf Zugang, Berichtigung oder L\u00f6schung, Einschr\u00e4nkung der Verarbeitung und \u00dcbertragbarkeit ihrer Daten Gebrauch machen sowie Widerspruch gegen die Verarbeitung ihrer Daten einlegen und eine Beschwerde einreichen.<br \/>vor einer Aufsichtsbeh\u00f6rde. Weitere Informationen zum Datenschutz finden Sie in unserer Datenschutzrichtlinie f\u00fcr das Internet.<\/p><h3>Wie kann ich Cookies verwalten?<\/h3><p>Sie k\u00f6nnen Cookies \u00fcber das Einstellungsfeld oder Ihre Browsereinstellungen verwalten.<\/p><p><a class=\"reset_adc_cookies_settings\"><strong><u>Panel f\u00fcr Cookie-Einstellungen<\/u><\/strong><\/a><\/p><p>Browser-Einstellungen: Sie k\u00f6nnen Cookies zulassen oder blockieren sowie Ihre Browsing-Daten (einschlie\u00dflich Cookies) aus dem von Ihnen verwendeten Browser l\u00f6schen. Bitte beachten Sie dazu die Optionen und Anweisungen Ihres Browsers. Bitte sehen Sie<br \/>Bitte beachten Sie, dass Sie Cookies von Drittanbietern, die Sie akzeptieren, aus den Optionen Ihres Browsers l\u00f6schen m\u00fcssen.<\/p><p>Um die Verwendung von Werbe-Cookies Dritter abzulehnen, k\u00f6nnen die Nutzer auch die Opt-out-Seite der Network Advertising Initiative (nai) besuchen. Englische Seite: http:\/\/www.Networkadvertising.org\/managing\/opt_out.Asp).<\/p><p>Wenn Sie Cookies deaktivieren, k\u00f6nnen Sie m\u00f6glicherweise nicht die volle Funktionalit\u00e4t der Website nutzen.<\/p><h3>Cookies von Dritten<\/h3><table><tbody><tr><th>Art des Cookies<\/th><th>Name<\/th><th>Dauer<\/th><th>Zweck<\/th><th>Anbieter<\/th><th>Mehr Infos<\/th><\/tr><tr><td rowspan=\"3\">Analyse oder Messung<\/td><td>_ga<\/td><td>2 Jahre<\/td><td>Sie zeichnet eine eindeutige ID auf, die dazu dient, statistische Daten dar\u00fcber zu erstellen, wie der Besucher die Website nutzt.<\/td><td rowspan=\"3\">Google, Inc. 1600 Amphitheatre Parkway. Mountain view, ca 94043. usa.<\/td><td rowspan=\"3\">Sie k\u00f6nnen mehr \u00fcber die Funktionsweise von Google Analytics und die von diesem Dienst verwendeten Cookies erfahren, indem Sie auf die folgenden Links klicken:<p>\u00a0<\/p><ul><li><a href=\"https:\/\/support.google.com\/analytics\/answer\/6004245\">Datenschutz-Analytik<\/a><\/li><li><a href=\"http:\/\/www.google.com\/intl\/es\/policies\/privacy\/\">Google Datenschutz<\/a><\/li><\/ul><p>Sie k\u00f6nnen Cookies von google analytics deaktivieren, indem Sie in Ihrem Browser das\u00a0<a href=\"https:\/\/tools.google.com\/dlpage\/gaoptout?hl=es\">Von Google erstelltes Opt-out-Add-on, das unter folgendem Link verf\u00fcgbar ist<\/a><\/p><\/td><\/tr><tr><td>_gat<\/td><td>1 Minute<\/td><td>Wird von Google Analytics verwendet, um die Abrufraten zu \u00fcberwachen.<\/td><\/tr><tr><td>_gid<\/td><td>1 Tag<\/td><td>Sie zeichnet eine eindeutige ID auf, die dazu dient, statistische Daten dar\u00fcber zu erstellen, wie der Besucher die Website nutzt.<\/td><\/tr><\/tbody><\/table>\t\t\t\t\t\t\t\t<\/div>\n\t\t\t\t<\/div>\n\t\t\t\t\t<\/div>\n\t\t\t\t<\/div>\n\t\t\t\t<\/div>","protected":false},"excerpt":{"rendered":"<p>\u00bfQu\u00e9 son las cookies? Este sitio web utiliza cookies y\/o tecnolog\u00edas similares que almacenan y recuperan informaci\u00f3n cuando navega. En general, estas tecnolog\u00edas pueden servir para finalidades muy diversas, como, por ejemplo, reconocerle como usuario, obtener informaci\u00f3n sobresus h\u00e1bitos de navegaci\u00f3n o personalizar la forma en que se muestra el contenido.Existen cookies que son controladas [&hellip;]<\/p>\n","protected":false},"author":1,"featured_media":0,"parent":0,"menu_order":0,"comment_status":"closed","ping_status":"closed","template":"","meta":{"footnotes":""},"class_list":["post-302","page","type-page","status-publish","hentry"],"_links":{"self":[{"href":"https:\/\/blauprojects.es\/de\/wp-json\/wp\/v2\/pages\/302"}],"collection":[{"href":"https:\/\/blauprojects.es\/de\/wp-json\/wp\/v2\/pages"}],"about":[{"href":"https:\/\/blauprojects.es\/de\/wp-json\/wp\/v2\/types\/page"}],"author":[{"embeddable":true,"href":"https:\/\/blauprojects.es\/de\/wp-json\/wp\/v2\/users\/1"}],"replies":[{"embeddable":true,"href":"https:\/\/blauprojects.es\/de\/wp-json\/wp\/v2\/comments?post=302"}],"version-history":[{"count":4,"href":"https:\/\/blauprojects.es\/de\/wp-json\/wp\/v2\/pages\/302\/revisions"}],"predecessor-version":[{"id":306,"href":"https:\/\/blauprojects.es\/de\/wp-json\/wp\/v2\/pages\/302\/revisions\/306"}],"wp:attachment":[{"href":"https:\/\/blauprojects.es\/de\/wp-json\/wp\/v2\/media?parent=302"}],"curies":[{"name":"wp","href":"https:\/\/api.w.org\/{rel}","templated":true}]}}