{"id":313,"date":"2024-12-09T14:45:06","date_gmt":"2024-12-09T14:45:06","guid":{"rendered":"https:\/\/blauprojects.es\/?page_id=313"},"modified":"2024-12-09T14:49:59","modified_gmt":"2024-12-09T14:49:59","slug":"nota-legal","status":"publish","type":"page","link":"https:\/\/blauprojects.es\/de\/nota-legal\/","title":{"rendered":"Rechtlicher Hinweis"},"content":{"rendered":"<div data-elementor-type=\"wp-page\" data-elementor-id=\"313\" class=\"elementor elementor-313\" data-elementor-post-type=\"page\">\n\t\t\t\t<div class=\"elementor-element elementor-element-7fe3ecc5 e-flex e-con-boxed e-con e-parent\" data-id=\"7fe3ecc5\" data-element_type=\"container\" data-e-type=\"container\">\n\t\t\t\t\t<div class=\"e-con-inner\">\n\t\t\t\t<div class=\"elementor-element elementor-element-10a92c28 elementor-widget elementor-widget-text-editor\" data-id=\"10a92c28\" data-element_type=\"widget\" data-e-type=\"widget\" data-widget_type=\"text-editor.default\">\n\t\t\t\t<div class=\"elementor-widget-container\">\n\t\t\t\t\t\t\t\t\t<p><\/p>\n<p>F\u00fcr die Zwecke der Bestimmungen von Art. 13 und Art. 14 des GDPR werden Ihnen die folgenden Informationen zur Verf\u00fcgung gestellt:<\/p>\n<ul>\n<li><strong>ZUST\u00c4NDIG<\/strong>: BLAU PROJEKTE 2024 SL<\/li>\n<li><strong>NIF\/CIF<\/strong>: B19967306<\/li>\n<li><strong>ADRESSE<\/strong>C\/ Alacant 55 - Santa Pon\u00e7a (07180), Illes Balears<\/li>\n<li><strong>TELEFON<\/strong> +34 871 005 170<\/li>\n<li><strong>EMAIL<\/strong>: info@blauprojects.es<\/li><li><b>Eintragung in das Handelsregister<\/b>IRUS: 1000426201038, 1. Eintrag mit Seite PM-100790<\/li>\n<\/ul>\n<p><\/p>\t\t\t\t\t\t\t\t<\/div>\n\t\t\t\t<\/div>\n\t\t\t\t<div class=\"elementor-element elementor-element-a16e9d0 elementor-widget elementor-widget-text-editor\" data-id=\"a16e9d0\" data-element_type=\"widget\" data-e-type=\"widget\" data-widget_type=\"text-editor.default\">\n\t\t\t\t<div class=\"elementor-widget-container\">\n\t\t\t\t\t\t\t\t\t<p>In \u00dcbereinstimmung mit dem Gesetz 34\/2002 vom 11. Juli \u00fcber die Dienste der Informationsgesellschaft und den elektronischen Handel (LSSI-CE) teilt BLAU PROJECTS 2024 SL mit, dass es der Eigent\u00fcmer der Website blauprojects.es ist. In \u00dcbereinstimmung mit den Anforderungen des Artikels 10 des genannten Gesetzes teilt BLAU PROJECTS 2024 SL die folgenden Daten mit:<\/p>\n<h3>Nutzer- und Haftungsregelung<\/h3>\n<p>Das Surfen, der Zugang und die Nutzung der Website von BLAU PROJECTS 2024 SL setzt voraus, dass der Nutzer durch das Surfen auf der Website blauprojects.es alle hier festgelegten Nutzungsbedingungen akzeptiert, unbeschadet der Anwendung der entsprechenden Vorschriften zur Einhaltung der gesetzlichen Bestimmungen, je nach Fall.<\/p>\n<p>Der Eigent\u00fcmer dieser Website ist BLAU PROJECTS 2024 SL, mit CIF B19967306 und Sitz in C\/ALACANT 55 - Santa Pon\u00e7a (07180), Illes Balears, eingetragen im Handelsregister von Palma - IRUS: 1000426201038, Eintragung 1\u00aa mit Seite PM-100790. Die E-Mail-Adresse zur Kontaktaufnahme mit dem Unternehmen lautet: info@blauprojects.es<\/p>\n<p>Die Website blauprojects.es stellt eine Vielzahl von Informationen, Dienstleistungen und Daten zur Verf\u00fcgung. Der Nutzer \u00fcbernimmt die Verantwortung f\u00fcr die korrekte Nutzung der Website. Diese Verantwortung erstreckt sich auf:<\/p>\n<ul>\n<li>Die Wahrhaftigkeit und Rechtm\u00e4\u00dfigkeit der Informationen, die der Nutzer in den von BLAU PROJECTS 2024 SL bereitgestellten Formularen f\u00fcr den Zugang zu bestimmten auf der Website angebotenen Inhalten oder Dienstleistungen angibt.<\/li>\n<li>Die Nutzung der von BLAU PROJECTS 2024 SL angebotenen Informationen, Dienstleistungen und Daten verst\u00f6\u00dft gegen die Bestimmungen dieser Bedingungen, das Gesetz, die Moral, die guten Sitten oder die \u00f6ffentliche Ordnung oder kann in anderer Weise die Rechte Dritter oder den Betrieb der Website verletzen.<\/li>\n<\/ul>\n<h3>Verlinkungspolitik und Haftungsausschl\u00fcsse<\/h3>\n<p>BLAU PROJECTS 2024 SL ist nicht verantwortlich f\u00fcr den Inhalt der Websites, auf die der Nutzer \u00fcber die auf ihrer Website eingerichteten Links zugreifen kann, und erkl\u00e4rt, dass sie unter keinen Umst\u00e4nden den Inhalt anderer Websites pr\u00fcft oder in irgendeiner Weise kontrolliert. Ebenso \u00fcbernimmt sie keine Garantie f\u00fcr die technische Verf\u00fcgbarkeit, die Genauigkeit, die Richtigkeit, die G\u00fcltigkeit oder die Rechtm\u00e4\u00dfigkeit von Websites au\u00dferhalb ihres Eigentums, auf die \u00fcber die Links zugegriffen werden kann. BLAU PROJECTS 2024 SL erkl\u00e4rt, dass sie alle notwendigen Ma\u00dfnahmen ergriffen hat, um Sch\u00e4den zu vermeiden, die den Nutzern ihrer Website durch das Surfen auf ihrer Website entstehen k\u00f6nnten. Folglich \u00fcbernimmt BLAU PROJECTS 2024 SL unter keinen Umst\u00e4nden die Haftung f\u00fcr eventuelle Sch\u00e4den, die den Nutzern durch das Surfen im Internet entstehen k\u00f6nnten.<\/p>\n<h3>\u00c4nderungen<\/h3>\n<p>BLAU PROJECTS 2024 SL beh\u00e4lt sich das Recht vor, ohne vorherige Ank\u00fcndigung \u00c4nderungen am Inhalt seiner Website vorzunehmen, die es f\u00fcr angemessen h\u00e4lt. Dies gilt sowohl f\u00fcr den Inhalt der Website als auch f\u00fcr die Nutzungsbedingungen derselben. Diese \u00c4nderungen k\u00f6nnen \u00fcber die Website mit allen rechtlich zul\u00e4ssigen Mitteln vorgenommen werden und sind so lange verbindlich, wie sie auf der Website ver\u00f6ffentlicht sind und bis sie durch sp\u00e4tere \u00c4nderungen rechtskr\u00e4ftig ge\u00e4ndert werden.<\/p>\n<h3>Geistiges und gewerbliches Eigentum<\/h3>\n<p>BLAU PROJECTS 2024 SL selbst oder als Bevollm\u00e4chtigter ist Eigent\u00fcmer aller geistigen und gewerblichen Eigentumsrechte an seiner Website sowie an den darin enthaltenen Elementen (einschlie\u00dflich, aber nicht beschr\u00e4nkt auf Bilder, Ton, Audio, Video, Software oder Texte; Marken oder Logos, Farbkombinationen, Struktur und Design, Auswahl der verwendeten Materialien, Computerprogramme, die f\u00fcr den Betrieb, den Zugang und die Nutzung erforderlich sind, etc.), Eigentum von BLAU PROJECTS 2024 SL Es handelt sich also um Werke, die als geistiges Eigentum durch das spanische Rechtssystem gesch\u00fctzt sind, da auf sie sowohl die spanischen und gemeinschaftlichen Vorschriften in diesem Bereich als auch die von Spanien unterzeichneten internationalen Vertr\u00e4ge zu diesem Thema anwendbar sind.<\/p>\n<p>Alle Rechte vorbehalten. Gem\u00e4\u00df den Bestimmungen der Artikel 8 und 32.1, zweiter Absatz, des Gesetzes \u00fcber das geistige Eigentum sind die Vervielf\u00e4ltigung, die Verbreitung und die \u00f6ffentliche Bekanntmachung, einschlie\u00dflich der Bereitstellung, des gesamten Inhalts dieser Website oder eines Teils davon zu kommerziellen Zwecken in jedem Medium und mit jedem technischen Mittel ohne die Genehmigung von BLAU PROJECTS 2024 SL ausdr\u00fccklich verboten.<\/p>\n<p>Der Nutzer verpflichtet sich, die Rechte des geistigen und gewerblichen Eigentums von BLAU PROJECTS 2024 SL zu respektieren. Sie d\u00fcrfen die Elemente des Portals ansehen und sogar ausdrucken, kopieren und auf der Festplatte Ihres Computers oder einem anderen physischen Medium speichern, vorausgesetzt, dass dies einzig und allein zu Ihrem pers\u00f6nlichen und privaten Gebrauch geschieht. Der Nutzer muss es unterlassen, die auf den Seiten von BLAU PROJECTS 2024 SL installierten Schutzvorrichtungen oder Sicherheitssysteme zu l\u00f6schen, zu ver\u00e4ndern, zu umgehen oder zu manipulieren.<\/p>\n<h3>Rechtliche Schritte, anwendbares Recht und Gerichtsbarkeit<\/h3>\n<p>BLAU PROJECTS 2024 SL beh\u00e4lt sich au\u00dferdem das Recht vor, zivil- oder strafrechtliche Schritte einzuleiten, die sie f\u00fcr die missbr\u00e4uchliche Nutzung ihrer Website und ihrer Inhalte oder f\u00fcr die Verletzung der vorliegenden Bedingungen f\u00fcr angemessen h\u00e4lt.<\/p>\n<p>Die Beziehung zwischen dem Nutzer und dem Anbieter unterliegt den auf spanischem Gebiet geltenden Vorschriften. Im Falle von Streitigkeiten k\u00f6nnen die Parteien ihre Streitigkeiten einem Schiedsverfahren unterwerfen oder sich an die ordentliche Gerichtsbarkeit wenden, unter Beachtung der diesbez\u00fcglichen Vorschriften \u00fcber die Rechtsprechung und Zust\u00e4ndigkeit.<\/p>\t\t\t\t\t\t\t\t<\/div>\n\t\t\t\t<\/div>\n\t\t\t\t\t<\/div>\n\t\t\t\t<\/div>\n\t\t\t\t<\/div>","protected":false},"excerpt":{"rendered":"<p>A los efectos de lo dispuesto en el art. 13 y el art. 14 del RGPD se le facilita la siguiente informaci\u00f3n: RESPONSABLE: BLAU PROJECTS 2024 SL NIF\/CIF: B19967306 DIRECCI\u00d3N: C\/ Alacant 55 &#8211;&nbsp;Santa Pon\u00e7a (07180), Illes Balears TEL\u00c9FONO +34 871 005 170 EMAIL: info@blauprojects.es Inscripci\u00f3n en Reg. Mercantil: IRUS: 1000426201038, inscripci\u00f3n 1\u00aa con hoja [&hellip;]<\/p>\n","protected":false},"author":1,"featured_media":0,"parent":0,"menu_order":0,"comment_status":"closed","ping_status":"closed","template":"","meta":{"footnotes":""},"class_list":["post-313","page","type-page","status-publish","hentry"],"_links":{"self":[{"href":"https:\/\/blauprojects.es\/de\/wp-json\/wp\/v2\/pages\/313"}],"collection":[{"href":"https:\/\/blauprojects.es\/de\/wp-json\/wp\/v2\/pages"}],"about":[{"href":"https:\/\/blauprojects.es\/de\/wp-json\/wp\/v2\/types\/page"}],"author":[{"embeddable":true,"href":"https:\/\/blauprojects.es\/de\/wp-json\/wp\/v2\/users\/1"}],"replies":[{"embeddable":true,"href":"https:\/\/blauprojects.es\/de\/wp-json\/wp\/v2\/comments?post=313"}],"version-history":[{"count":7,"href":"https:\/\/blauprojects.es\/de\/wp-json\/wp\/v2\/pages\/313\/revisions"}],"predecessor-version":[{"id":321,"href":"https:\/\/blauprojects.es\/de\/wp-json\/wp\/v2\/pages\/313\/revisions\/321"}],"wp:attachment":[{"href":"https:\/\/blauprojects.es\/de\/wp-json\/wp\/v2\/media?parent=313"}],"curies":[{"name":"wp","href":"https:\/\/api.w.org\/{rel}","templated":true}]}}